{"id":3771,"date":"2025-11-26T22:57:24","date_gmt":"2025-11-26T19:57:24","guid":{"rendered":"https:\/\/shamashotel.com\/?page_id=3771"},"modified":"2025-12-11T12:19:34","modified_gmt":"2025-12-11T09:19:34","slug":"politikalarimiz","status":"publish","type":"page","link":"https:\/\/shamashotel.com\/en\/politikalarimiz\/","title":{"rendered":"Our Policies"},"content":{"rendered":"<div data-elementor-type=\"wp-page\" data-elementor-id=\"3771\" class=\"elementor elementor-3771\">\n\t\t\t\t\t\t<section class=\"elementor-section elementor-top-section elementor-element elementor-element-fed6bc3 elementor-section-boxed elementor-section-height-default elementor-section-height-default\" data-id=\"fed6bc3\" data-element_type=\"section\">\n\t\t\t\t\t\t<div class=\"elementor-container elementor-column-gap-default\">\n\t\t\t\t\t<div class=\"elementor-column elementor-col-100 elementor-top-column elementor-element elementor-element-c4dc6e7\" data-id=\"c4dc6e7\" data-element_type=\"column\">\n\t\t\t<div class=\"elementor-widget-wrap elementor-element-populated\">\n\t\t\t\t\t\t<div class=\"elementor-element elementor-element-b2827a4 elementor-widget elementor-widget-romancy_elementor_heading\" data-id=\"b2827a4\" data-element_type=\"widget\" data-widget_type=\"romancy_elementor_heading.default\">\n\t\t\t\t<div class=\"elementor-widget-container\">\n\t\t\t\t\t\t\t<div class=\"ova-title\">\n\n\t\t\t\t\t\t\t<h3 class=\"sub-title\">SHAMAS HOTEL<\/h3>\n\t\t\t\n\t\t\t\t\t\t\t\n\t\t\t\t\t\t\t<h2 class=\"title\">\n\n\t\t\t\t\t\t\t\tOur Policies\t\t\t\t\t\t\t\t \n\n\t\t\t\t\t\t\t<\/h2>\n\t\t\t\t\t\t\t\n\t\t\t\t\t\t\t<p class=\"description\"> Our policies, established to ensure your stay is smooth and enjoyable, are based on safety, comfort, and guest satisfaction. <\/p>\n\t\t\t\n\t\t<\/div> \n\t\t \t\n\t\t\t\t\t\t<\/div>\n\t\t\t\t<\/div>\n\t\t<div class=\"elementor-element elementor-element-63aae20 e-grid e-con-boxed e-con e-parent\" data-id=\"63aae20\" data-element_type=\"container\">\n\t\t\t\t\t<div class=\"e-con-inner\">\n\t\t\t\t<div class=\"elementor-element elementor-element-9ebe19b elementor-view-default elementor-position-top elementor-mobile-position-top elementor-widget elementor-widget-icon-box\" data-id=\"9ebe19b\" data-element_type=\"widget\" data-widget_type=\"icon-box.default\">\n\t\t\t\t\t\t\t<div class=\"elementor-icon-box-wrapper\">\n\n\t\t\t\t\t\t<div class=\"elementor-icon-box-icon\">\n\t\t\t\t<a href=\"https:\/\/shamashotel.com\/en\/politikalarimiz\/cevre-koruma-ve-atik-yonetimi-politikasi\/\" class=\"elementor-icon\" tabindex=\"-1\" aria-label=\"Environmental Protection and Waste Management\">\n\t\t\t\t<i aria-hidden=\"true\" class=\"ovaicon ovaicon-document\"><\/i>\t\t\t\t<\/a>\n\t\t\t<\/div>\n\t\t\t\n\t\t\t\t\t\t<div class=\"elementor-icon-box-content\">\n\n\t\t\t\t\t\t\t\t\t<h3 class=\"elementor-icon-box-title\">\n\t\t\t\t\t\t<a href=\"https:\/\/shamashotel.com\/en\/politikalarimiz\/cevre-koruma-ve-atik-yonetimi-politikasi\/\" >\n\t\t\t\t\t\t\tEnvironmental Protection and Waste Management\t\t\t\t\t\t<\/a>\n\t\t\t\t\t<\/h3>\n\t\t\t\t\n\t\t\t\t\n\t\t\t<\/div>\n\t\t\t\n\t\t<\/div>\n\t\t\t\t\t\t<\/div>\n\t\t\t\t<div class=\"elementor-element elementor-element-26439ca elementor-view-default elementor-position-top elementor-mobile-position-top elementor-widget elementor-widget-icon-box\" data-id=\"26439ca\" data-element_type=\"widget\" data-widget_type=\"icon-box.default\">\n\t\t\t\t\t\t\t<div class=\"elementor-icon-box-wrapper\">\n\n\t\t\t\t\t\t<div class=\"elementor-icon-box-icon\">\n\t\t\t\t<a href=\"https:\/\/shamashotel.com\/en\/politikalarimiz\/cocuk-haklari-politikasi\/\" class=\"elementor-icon\" tabindex=\"-1\" aria-label=\"Children&#039;s Rights Policy\">\n\t\t\t\t<i aria-hidden=\"true\" class=\"ovaicon ovaicon-document\"><\/i>\t\t\t\t<\/a>\n\t\t\t<\/div>\n\t\t\t\n\t\t\t\t\t\t<div class=\"elementor-icon-box-content\">\n\n\t\t\t\t\t\t\t\t\t<h3 class=\"elementor-icon-box-title\">\n\t\t\t\t\t\t<a href=\"https:\/\/shamashotel.com\/en\/politikalarimiz\/cocuk-haklari-politikasi\/\" >\n\t\t\t\t\t\t\tChildren's Rights Policy\t\t\t\t\t\t<\/a>\n\t\t\t\t\t<\/h3>\n\t\t\t\t\n\t\t\t\t\n\t\t\t<\/div>\n\t\t\t\n\t\t<\/div>\n\t\t\t\t\t\t<\/div>\n\t\t\t\t<div class=\"elementor-element elementor-element-38cb12a elementor-view-default elementor-position-top elementor-mobile-position-top elementor-widget elementor-widget-icon-box\" data-id=\"38cb12a\" data-element_type=\"widget\" data-widget_type=\"icon-box.default\">\n\t\t\t\t\t\t\t<div class=\"elementor-icon-box-wrapper\">\n\n\t\t\t\t\t\t<div class=\"elementor-icon-box-icon\">\n\t\t\t\t<a href=\"https:\/\/shamashotel.com\/en\/politikalarimiz\/enerji-verimliligi-politikasi\/\" class=\"elementor-icon\" tabindex=\"-1\" aria-label=\"Energy Efficiency Policy\">\n\t\t\t\t<i aria-hidden=\"true\" class=\"ovaicon ovaicon-document\"><\/i>\t\t\t\t<\/a>\n\t\t\t<\/div>\n\t\t\t\n\t\t\t\t\t\t<div class=\"elementor-icon-box-content\">\n\n\t\t\t\t\t\t\t\t\t<h3 class=\"elementor-icon-box-title\">\n\t\t\t\t\t\t<a href=\"https:\/\/shamashotel.com\/en\/politikalarimiz\/enerji-verimliligi-politikasi\/\" >\n\t\t\t\t\t\t\tEnergy Efficiency Policy\t\t\t\t\t\t<\/a>\n\t\t\t\t\t<\/h3>\n\t\t\t\t\n\t\t\t\t\n\t\t\t<\/div>\n\t\t\t\n\t\t<\/div>\n\t\t\t\t\t\t<\/div>\n\t\t\t\t<div class=\"elementor-element elementor-element-6febf6c elementor-view-default elementor-position-top elementor-mobile-position-top elementor-widget elementor-widget-icon-box\" data-id=\"6febf6c\" data-element_type=\"widget\" data-widget_type=\"icon-box.default\">\n\t\t\t\t\t\t\t<div class=\"elementor-icon-box-wrapper\">\n\n\t\t\t\t\t\t<div class=\"elementor-icon-box-icon\">\n\t\t\t\t<a href=\"https:\/\/shamashotel.com\/en\/politikalarimiz\/kadin-haklari-ve-cinsiyet-esitligi-politikasi\/\" class=\"elementor-icon\" tabindex=\"-1\" aria-label=\"Women&#039;s Rights and Gender Equality Policy\">\n\t\t\t\t<i aria-hidden=\"true\" class=\"ovaicon ovaicon-document\"><\/i>\t\t\t\t<\/a>\n\t\t\t<\/div>\n\t\t\t\n\t\t\t\t\t\t<div class=\"elementor-icon-box-content\">\n\n\t\t\t\t\t\t\t\t\t<h3 class=\"elementor-icon-box-title\">\n\t\t\t\t\t\t<a href=\"https:\/\/shamashotel.com\/en\/politikalarimiz\/kadin-haklari-ve-cinsiyet-esitligi-politikasi\/\" >\n\t\t\t\t\t\t\tWomen's Rights and Gender Equality Policy\t\t\t\t\t\t<\/a>\n\t\t\t\t\t<\/h3>\n\t\t\t\t\n\t\t\t\t\n\t\t\t<\/div>\n\t\t\t\n\t\t<\/div>\n\t\t\t\t\t\t<\/div>\n\t\t\t\t<div class=\"elementor-element elementor-element-b7e09c3 elementor-view-default elementor-position-top elementor-mobile-position-top elementor-widget elementor-widget-icon-box\" data-id=\"b7e09c3\" data-element_type=\"widget\" data-widget_type=\"icon-box.default\">\n\t\t\t\t\t\t\t<div class=\"elementor-icon-box-wrapper\">\n\n\t\t\t\t\t\t<div class=\"elementor-icon-box-icon\">\n\t\t\t\t<a href=\"https:\/\/shamashotel.com\/en\/politikalarimiz\/surdurulebilir-satin-alma-politikasi\/\" class=\"elementor-icon\" tabindex=\"-1\" aria-label=\"Sustainable Procurement Policy\">\n\t\t\t\t<i aria-hidden=\"true\" class=\"ovaicon ovaicon-document\"><\/i>\t\t\t\t<\/a>\n\t\t\t<\/div>\n\t\t\t\n\t\t\t\t\t\t<div class=\"elementor-icon-box-content\">\n\n\t\t\t\t\t\t\t\t\t<h3 class=\"elementor-icon-box-title\">\n\t\t\t\t\t\t<a href=\"https:\/\/shamashotel.com\/en\/politikalarimiz\/surdurulebilir-satin-alma-politikasi\/\" >\n\t\t\t\t\t\t\tSustainable Procurement Policy\t\t\t\t\t\t<\/a>\n\t\t\t\t\t<\/h3>\n\t\t\t\t\n\t\t\t\t\n\t\t\t<\/div>\n\t\t\t\n\t\t<\/div>\n\t\t\t\t\t\t<\/div>\n\t\t\t\t<div class=\"elementor-element elementor-element-3e9a17c elementor-view-default elementor-position-top elementor-mobile-position-top elementor-widget elementor-widget-icon-box\" data-id=\"3e9a17c\" data-element_type=\"widget\" data-widget_type=\"icon-box.default\">\n\t\t\t\t\t\t\t<div class=\"elementor-icon-box-wrapper\">\n\n\t\t\t\t\t\t<div class=\"elementor-icon-box-icon\">\n\t\t\t\t<a href=\"https:\/\/shamashotel.com\/en\/politikalarimiz\/surdurulebilirlik\/\" class=\"elementor-icon\" tabindex=\"-1\" aria-label=\"Sustainability Policy\">\n\t\t\t\t<i aria-hidden=\"true\" class=\"ovaicon ovaicon-document\"><\/i>\t\t\t\t<\/a>\n\t\t\t<\/div>\n\t\t\t\n\t\t\t\t\t\t<div class=\"elementor-icon-box-content\">\n\n\t\t\t\t\t\t\t\t\t<h3 class=\"elementor-icon-box-title\">\n\t\t\t\t\t\t<a href=\"https:\/\/shamashotel.com\/en\/politikalarimiz\/surdurulebilirlik\/\" >\n\t\t\t\t\t\t\tSustainability Policy\t\t\t\t\t\t<\/a>\n\t\t\t\t\t<\/h3>\n\t\t\t\t\n\t\t\t\t\n\t\t\t<\/div>\n\t\t\t\n\t\t<\/div>\n\t\t\t\t\t\t<\/div>\n\t\t\t\t\t<\/div>\n\t\t\t\t<\/div>\n\t\t\t\t\t<\/div>\n\t\t<\/div>\n\t\t\t\t\t<\/div>\n\t\t<\/section>\n\t\t\t\t<\/div>","protected":false},"excerpt":{"rendered":"<p>SHAMAS HOTEL Politikalar\u0131m\u0131z Konaklaman\u0131z\u0131n sorunsuz ve keyifli ge\u00e7mesi i\u00e7in belirledi\u011fimiz politikalar\u0131m\u0131z; g\u00fcvenli\u011fi, konforu ve misafir memnuniyetini esas al\u0131r. \u00c7evre Koruma ve At\u0131k Y\u00f6netimi \u00c7ocuk Haklar\u0131 Politikas\u0131 Enerji Verimlili\u011fi Politikas\u0131 Kad\u0131n Haklar\u0131 ve Cinsiyet E\u015fitli\u011fi Politikas\u0131 S\u00fcrd\u00fcr\u00fclebilir Sat\u0131n Alma Politikas\u0131 S\u00fcrd\u00fcr\u00fclebilirlik Politikas\u0131<\/p>","protected":false},"author":1,"featured_media":0,"parent":0,"menu_order":0,"comment_status":"closed","ping_status":"closed","template":"elementor_header_footer","meta":{"footnotes":""},"class_list":["post-3771","page","type-page","status-publish","hentry"],"_links":{"self":[{"href":"https:\/\/shamashotel.com\/en\/wp-json\/wp\/v2\/pages\/3771","targetHints":{"allow":["GET"]}}],"collection":[{"href":"https:\/\/shamashotel.com\/en\/wp-json\/wp\/v2\/pages"}],"about":[{"href":"https:\/\/shamashotel.com\/en\/wp-json\/wp\/v2\/types\/page"}],"author":[{"embeddable":true,"href":"https:\/\/shamashotel.com\/en\/wp-json\/wp\/v2\/users\/1"}],"replies":[{"embeddable":true,"href":"https:\/\/shamashotel.com\/en\/wp-json\/wp\/v2\/comments?post=3771"}],"version-history":[{"count":13,"href":"https:\/\/shamashotel.com\/en\/wp-json\/wp\/v2\/pages\/3771\/revisions"}],"predecessor-version":[{"id":4395,"href":"https:\/\/shamashotel.com\/en\/wp-json\/wp\/v2\/pages\/3771\/revisions\/4395"}],"wp:attachment":[{"href":"https:\/\/shamashotel.com\/en\/wp-json\/wp\/v2\/media?parent=3771"}],"curies":[{"name":"wp","href":"https:\/\/api.w.org\/{rel}","templated":true}]}}