{"id":3769,"date":"2025-11-26T22:57:00","date_gmt":"2025-11-26T19:57:00","guid":{"rendered":"https:\/\/shamashotel.com\/?page_id=3769"},"modified":"2025-11-26T23:06:05","modified_gmt":"2025-11-26T20:06:05","slug":"surdurulebilirlik","status":"publish","type":"page","link":"https:\/\/shamashotel.com\/en\/politikalarimiz\/surdurulebilirlik\/","title":{"rendered":"S\u00fcrd\u00fcr\u00fclebilirlik"},"content":{"rendered":"<p>Shamas Hotel, do\u011fan\u0131n t\u00fcm unsurlar\u0131yla birlikte s\u00fcrd\u00fcr\u00fclebilir bir gezegende insan varl\u0131\u011f\u0131n\u0131n sa\u011fl\u0131kl\u0131 bir yoludur.<\/p>\n\n\n\n<p>Bu, devaml\u0131l\u0131\u011f\u0131n\u0131n sa\u011flanmas\u0131 i\u00e7in t\u00fcm d\u00fcnyan\u0131n ortak \u00e7aba g\u00f6stermesi gereken bir durum.<\/p>\n\n\n\n<p>d\u00f6nemde oldu\u011fumuzun fark\u0131ndad\u0131r. Bu anlay\u0131\u015fla t\u00fcm faaliyetlerde i\u015f anlay\u0131\u015f\u0131 \u00fc\u00e7 boyutlu olarak ele al\u0131nmaktad\u0131r.<\/p>\n\n\n\n<p>de\u011ferlendirilmekte, kararlar bu \u015fekilde al\u0131nmakta ve de\u011fer yaratma s\u00fcreci bu boyutlar dikkate al\u0131narak y\u00f6netilmektedir.<\/p>\n\n\n\n<p>Shamas hotel \u015eirketler Grubu S\u00fcrd\u00fcr\u00fclebilirlik Politikas\u0131, grubun i\u015f anayasas\u0131 olacak; Shamas&nbsp; hotel kurucusu<\/p>\n\n\n\n<p>de\u011ferleri, temel i\u015f ilkeleri, i\u015f eti\u011fi ve k\u00fcresel hedefler do\u011frultusunda.<\/p>\n\n\n\n<p>haz\u0131rland\u0131. S\u00fcrd\u00fcr\u00fclebilirlik Politikas\u0131, t\u00fcm faaliyetlerin ger\u00e7ekle\u015ftirilmesi ve karar al\u0131nmas\u0131<\/p>\n\n\n\n<p>A\u015famada ba\u015fvurulacak bir rehber g\u00f6revi g\u00f6r\u00fcr ve do\u011frudan veya dolayl\u0131 olarak t\u00fcm de\u011fer zincirine dahil olur.<\/p>\n\n\n\n<p>Etkile\u015fim i\u00e7inde oldu\u011fumuz k\u00fcresel payda\u015flar\u0131 da kapsayacak \u015fekilde ele al\u0131nd\u0131.<\/p>\n\n\n\n<p><strong>1. \u0130\u015f Konsepti Odaklar\u0131<\/strong><\/p>\n\n\n\n<p>S\u00fcrd\u00fcr\u00fclebilirlik Politikas\u0131 birbiriyle do\u011frudan ili\u015fkili \u00fc\u00e7 odak alan\u0131 \u00fczerine in\u015fa edilmi\u015ftir. alt\u0131n sahil oteli<\/p>\n\n\n\n<p>s\u00fcrd\u00fcr\u00fclebilir bir ekonomik kalk\u0131nma; Kapsaml\u0131 bir yakla\u015f\u0131mla bireyin \u00e7evresel ve sosyal<\/p>\n\n\n\n<p>Fark\u0131ndal\u0131k varsa ve sa\u011fl\u0131kl\u0131 bir gezegende bunun m\u00fcmk\u00fcn oldu\u011funa inan\u0131yor.<\/p>\n\n\n\n<p><strong>1.1. \u201cKapsay\u0131c\u0131 Geli\u015fim\u201d Odakl\u0131 \u0130\u015f Yakla\u015f\u0131m\u0131<\/strong><\/p>\n\n\n\n<p>Shamas Hotel, faaliyet g\u00f6sterdi\u011fi her sekt\u00f6rde t\u00fcm \u00e7al\u0131\u015fanlar\u0131, i\u015f ortaklar\u0131 ve payda\u015flar\u0131yla birlikte k\u00fcresel bir oteldir.<\/p>\n\n\n\n<p>Hedeflerle uyumlu, s\u00fcrd\u00fcr\u00fclebilir bir i\u015f yakla\u015f\u0131m\u0131n\u0131 benimser ve<\/p>\n\n\n\n<p>Kalk\u0131nman\u0131n sa\u011flanmas\u0131, gezegenin t\u00fcm unsurlar\u0131n\u0131 ve t\u00fcm insanl\u0131\u011f\u0131 kapsamaktad\u0131r.<\/p>\n\n\n\n<p>olmas\u0131 gerekti\u011fine inan\u0131yor.<\/p>\n\n\n\n<p>Bu ba\u011flamda Shamas hotelin &#8220;Kapsay\u0131c\u0131 Kalk\u0131nma&#8221; odakl\u0131 i\u015f yakla\u015f\u0131m\u0131 a\u015fa\u011f\u0131da s\u0131ralanmaktad\u0131r: \u2022 T\u00fcm faaliyetleri Birle\u015fmi\u015f Milletler S\u00fcrd\u00fcr\u00fclebilir Kalk\u0131nma Hedefleri do\u011frultusundad\u0131r.<\/p>\n\n\n\n<p>\u2022 \u0130mzac\u0131s\u0131 oldu\u011fumuz Birle\u015fmi\u015f Milletler K\u00fcresel \u0130lkeler S\u00f6zle\u015fmesi&#8217;nin 10 \u0130lkesine uymak, \u2022 Faaliyet g\u00f6sterdi\u011fimiz her sekt\u00f6rde ara\u015ft\u0131rma ve geli\u015ftirme \u00e7al\u0131\u015fmalar\u0131na kaynak ay\u0131rmak, \u2022 S\u00fcrd\u00fcr\u00fclebilirli\u011fe katk\u0131 sa\u011flayacak yenilik\u00e7i teknolojileri kullanmak ve geli\u015ftirmek. geli\u015fim.<\/p>\n\n\n\n<p>\u2022 Payda\u015flar\u0131n istek ve beklentilerini dikkate alarak karar alma s\u00fcre\u00e7lerine payda\u015f kat\u0131l\u0131m\u0131n\u0131 sa\u011flamak.<\/p>\n\n\n\n<p>\u2022 S\u00fcrd\u00fcr\u00fclebilirlik bak\u0131\u015f a\u00e7\u0131s\u0131n\u0131 desteklemeye \u00f6nem vermek, \u2022 S\u00fcrd\u00fcr\u00fclebilirlik bak\u0131\u015f a\u00e7\u0131s\u0131n\u0131 \u015firket k\u00fclt\u00fcr\u00fc haline getirmek ve hem \u00e7al\u0131\u015fanlar\u0131n<\/p>\n\n\n\n<p>Payda\u015flar aras\u0131nda fark\u0131ndal\u0131k yaratmaya \u00e7al\u0131\u015fmak, \u2022 S\u00fcrd\u00fcr\u00fclebilirlik \u00e7al\u0131\u015fmalar\u0131 ve deneyimi, uluslararas\u0131 platformlarda ortakl\u0131klar ve aktif faaliyetler<\/p>\n\n\n\n<p>Bunu giri\u015fimlerle t\u00fcm payda\u015flara ve d\u00fcnyaya aktarmay\u0131 taahh\u00fct etmek, \u2022 Tedarik zincirinde s\u00fcrd\u00fcr\u00fclebilirli\u011fin sa\u011flanmas\u0131 i\u00e7in her t\u00fcrl\u00fc \u00e7al\u0131\u015fmay\u0131 y\u00fcr\u00fctmek.<\/p>\n\n\n\n<p>\u2022 T\u00fcm faaliyetlerin ekonomik, \u00e7evresel ve sosyal etkilerini \u00f6l\u00e7erek ve de\u011ferlendirerek,<\/p>\n\n\n\n<p>Olumsuzluklar\u0131 azaltmaya y\u00f6nelik iyile\u015ftirme aksiyonlar\u0131 almak, \u2022 Uluslararas\u0131 standartlara uygun s\u00fcrd\u00fcr\u00fclebilirlik raporlar\u0131n\u0131 d\u00fczenli olarak yay\u0131nlamak, \u2022 \u015eeffaf ve temel i\u015f eti\u011fi kurallar\u0131na uygun olmak ve yolsuzlukla m\u00fccadele etmek.<\/p>\n\n\n\n<h2 class=\"wp-block-heading\"><strong>S\u00dcRD\u00dcR\u00dcLEB\u0130L\u0130RL\u0130K POL\u0130T\u0130KASI 2<\/strong><\/h2>\n\n\n\n<p><strong>1.2. \u201cSosyal \u0130nsan\u201d Odakl\u0131 \u0130\u015f Anlay\u0131\u015f\u0131<\/strong><\/p>\n\n\n\n<p>Shamas Hotel, t\u00fcm faaliyetlerini ve i\u015f s\u00fcre\u00e7lerini insan sa\u011fl\u0131\u011f\u0131n\u0131 korumaya, insan geli\u015fimini desteklemeye ve f\u0131rsat e\u015fitli\u011fi esas\u0131na g\u00f6re devam ediyor. \u0130nsani geli\u015fmenin s\u00fcrd\u00fcr\u00fclebilir olmas\u0131n\u0131 sa\u011flayacak Yenilik\u00e7i, g\u00fcvenilir ve eri\u015filebilir \u00e7al\u0131\u015fma ve ya\u015fam ortamlar\u0131n\u0131n olu\u015fturulmas\u0131na odaklan\u0131r.<\/p>\n\n\n\n<p>Shamas Hotel, s\u00fcrd\u00fcr\u00fclebilirli\u011fin temelinde sosyal yap\u0131lar\u0131n geli\u015fmesi, \u00e7al\u0131\u015fanlar\u0131n kurumsal ba\u011fl\u0131l\u0131\u011f\u0131 ve s\u00fcreklili\u011fi yatmaktad\u0131r. Bunun ger\u00e7ekle\u015febilmesi i\u00e7in bireyin i\u00e7inde bulundu\u011fu toplumsal yap\u0131y\u0131 t\u00fcm unsurlar\u0131yla alg\u0131lamas\u0131 ve Kendi varl\u0131\u011f\u0131n\u0131n toplumsal yap\u0131n\u0131n sa\u011fl\u0131\u011f\u0131yla birlikte de\u011ferlendirilmesi gerekti\u011fine inan\u0131r. Bu ba\u011flamda Shamas Hotel&#8217;in &#8220;Sosyal \u0130nsan&#8221; odakl\u0131 i\u015f yakla\u015f\u0131m\u0131 a\u015fa\u011f\u0131da s\u0131ralanm\u0131\u015ft\u0131r:<\/p>\n\n\n\n<ul class=\"wp-block-list\">\n<li>Faaliyet g\u00f6sterilen t\u00fcm alan ve co\u011frafyalarda hem sekt\u00f6rel hem de sosyal giri\u015fimler,<\/li>\n<\/ul>\n\n\n\n<ul class=\"wp-block-list\">\n<li>F\u0131rsat e\u015fitli\u011finin sa\u011flanmas\u0131 ve korunmas\u0131, \u00f6zellikle kaliteli e\u011fitimin yayg\u0131nla\u015ft\u0131r\u0131lmas\u0131<\/li>\n<\/ul>\n\n\n\n<ul class=\"wp-block-list\">\n<li>Toplumsal sa\u011fl\u0131\u011f\u0131n korunmas\u0131 hususlar\u0131na azami dikkat g\u00f6sterilmektedir.<\/li>\n<\/ul>\n\n\n\n<ul class=\"wp-block-list\">\n<li>\u0130\u015f sa\u011fl\u0131\u011f\u0131 ve g\u00fcvenli\u011fi alan\u0131nda iyile\u015ftirmeyi sa\u011flayacak uygulamalar\u0131n geli\u015ftirilmesi ve uygulanmas\u0131 i\u015fin bir par\u00e7as\u0131 olarak g\u00f6r\u00fcl\u00fcyor.<\/li>\n<\/ul>\n\n\n\n<ul class=\"wp-block-list\">\n<li>Faaliyet alanlar\u0131nda toplumun ve yerel payda\u015flar\u0131n sosyal ve ekonomik geli\u015fimi, yerel istihdama katk\u0131 sa\u011flayacak sosyal projeler geli\u015ftirme ve i\u015f birli\u011fi f\u0131rsatlar yarat\u0131ld\u0131.<\/li>\n<\/ul>\n\n\n\n<ul class=\"wp-block-list\">\n<li>\u00c7al\u0131\u015fan ba\u011fl\u0131l\u0131\u011f\u0131n\u0131 ve refah\u0131n\u0131 art\u0131rmay\u0131 ama\u00e7layarak \u00e7al\u0131\u015fma ortam\u0131n\u0131 daha verimli hale getirmek ger\u00e7ekle\u015fmek i\u00e7in ko\u015fullar yarat\u0131ld\u0131.<\/li>\n<\/ul>\n\n\n\n<ul class=\"wp-block-list\">\n<li>Her t\u00fcrl\u00fc ayr\u0131mc\u0131l\u0131\u011f\u0131n \u00f6nlenerek \u00e7al\u0131\u015fanlara istihdam, kariyer y\u00f6netimi, \u00fccretlendirme, performans de\u011ferlendirme vb. her konuda e\u015fit haklar sa\u011flan\u0131r.<\/li>\n<\/ul>\n\n\n\n<ul class=\"wp-block-list\">\n<li>Kad\u0131n istihdam\u0131n\u0131n geli\u015fiminin desteklenmesi<\/li>\n<\/ul>","protected":false},"excerpt":{"rendered":"<p>Shamas Hotel, do\u011fan\u0131n t\u00fcm unsurlar\u0131yla birlikte s\u00fcrd\u00fcr\u00fclebilir bir gezegende insan varl\u0131\u011f\u0131n\u0131n sa\u011fl\u0131kl\u0131 bir yoludur. Bu, devaml\u0131l\u0131\u011f\u0131n\u0131n sa\u011flanmas\u0131 i\u00e7in t\u00fcm d\u00fcnyan\u0131n ortak \u00e7aba g\u00f6stermesi gereken bir durum. d\u00f6nemde oldu\u011fumuzun fark\u0131ndad\u0131r. Bu anlay\u0131\u015fla t\u00fcm faaliyetlerde i\u015f anlay\u0131\u015f\u0131 \u00fc\u00e7 boyutlu olarak ele al\u0131nmaktad\u0131r. de\u011ferlendirilmekte, kararlar bu \u015fekilde al\u0131nmakta ve de\u011fer yaratma s\u00fcreci bu boyutlar dikkate al\u0131narak y\u00f6netilmektedir. Shamas [&hellip;]<\/p>","protected":false},"author":1,"featured_media":0,"parent":3771,"menu_order":0,"comment_status":"closed","ping_status":"closed","template":"","meta":{"footnotes":""},"class_list":["post-3769","page","type-page","status-publish","hentry"],"_links":{"self":[{"href":"https:\/\/shamashotel.com\/en\/wp-json\/wp\/v2\/pages\/3769","targetHints":{"allow":["GET"]}}],"collection":[{"href":"https:\/\/shamashotel.com\/en\/wp-json\/wp\/v2\/pages"}],"about":[{"href":"https:\/\/shamashotel.com\/en\/wp-json\/wp\/v2\/types\/page"}],"author":[{"embeddable":true,"href":"https:\/\/shamashotel.com\/en\/wp-json\/wp\/v2\/users\/1"}],"replies":[{"embeddable":true,"href":"https:\/\/shamashotel.com\/en\/wp-json\/wp\/v2\/comments?post=3769"}],"version-history":[{"count":1,"href":"https:\/\/shamashotel.com\/en\/wp-json\/wp\/v2\/pages\/3769\/revisions"}],"predecessor-version":[{"id":3770,"href":"https:\/\/shamashotel.com\/en\/wp-json\/wp\/v2\/pages\/3769\/revisions\/3770"}],"up":[{"embeddable":true,"href":"https:\/\/shamashotel.com\/en\/wp-json\/wp\/v2\/pages\/3771"}],"wp:attachment":[{"href":"https:\/\/shamashotel.com\/en\/wp-json\/wp\/v2\/media?parent=3769"}],"curies":[{"name":"wp","href":"https:\/\/api.w.org\/{rel}","templated":true}]}}