{"id":3767,"date":"2025-11-26T22:53:53","date_gmt":"2025-11-26T19:53:53","guid":{"rendered":"https:\/\/shamashotel.com\/?page_id=3767"},"modified":"2025-11-26T23:05:57","modified_gmt":"2025-11-26T20:05:57","slug":"surdurulebilir-satin-alma-politikasi","status":"publish","type":"page","link":"https:\/\/shamashotel.com\/en\/politikalarimiz\/surdurulebilir-satin-alma-politikasi\/","title":{"rendered":"Sustainable Procurement Policy"},"content":{"rendered":"<p>S\u00fcrd\u00fcr\u00fclebilir tedarik anlay\u0131\u015f\u0131 do\u011frultusunda tedarik\u00e7ilerimizin\/\u00e7\u00f6z\u00fcm ortaklar\u0131m\u0131z\u0131n;<\/p>\n\n\n\n<ul class=\"wp-block-list\">\n<li>Kalite G\u00fcvence Y\u00f6netim Sistemleri, \u00c7evre ve \u0130\u015f Sa\u011fl\u0131\u011f\u0131 G\u00fcvenli\u011fi Y\u00f6netim Sistemleri, uluslararas\u0131 d\u00fczeyde kabul g\u00f6rm\u00fc\u015f \u00e7evre ve s\u00fcrd\u00fcr\u00fclebilirlik etiktlerine\/sertifikalar\u0131na sahip olmas\u0131na,<\/li>\n\n\n\n<li>\u00dcretim ve tedarikte, \u00e7evreye zararl\u0131 etkilerinin olmamas\u0131na, \u00e7evre mevzuatlar\u0131na uyuyor olmas\u0131na,<\/li>\n\n\n\n<li>Kaynaklar\u0131; do\u011fal ya\u015fama, ekosisteme zarar vermeden, uygun bir \u015fekilde kullan\u0131yor\/t\u00fcketiyor olmas\u0131na, avlanma yasaklar\u0131na uyuyor olmas\u0131na,<\/li>\n\n\n\n<li>At\u0131klar\u0131n\u0131 en aza indirmek ve do\u011fru y\u00f6netmek i\u00e7in \u00e7al\u0131\u015f\u0131yor olmas\u0131na, \u00fcr\u00fcn ambalajlar\u0131nda daha az ambalajlamaya veya d\u00f6kme ambalajlama alternatifleri sunuyor olmas\u0131na,<\/li>\n\n\n\n<li>\u00c7evre dostu, tasarruflu, y\u00f6resel, etik de\u011ferlere \u00f6nem veren, geri d\u00f6n\u00fc\u015febilir veya geri d\u00f6n\u00fc\u015ft\u00fcr\u00fclm\u00fc\u015f malzeme kullanan, organik, bio, vegan, hayvanlar \u00fczerinde denenmemi\u015f, zararl\u0131 kimyasal bile\u015fenler i\u00e7ermeyen vb. alternatifleri sunmalar\u0131na,<\/li>\n\n\n\n<li>Yerli ve yerel \u00fcretim\/hizmet sa\u011flay\u0131c\u0131s\u0131 olmas\u0131na,<\/li>\n\n\n\n<li>\u00dclkemizin\/b\u00f6lgemizin mutfa\u011f\u0131n\u0131, geleneklerini, k\u00fclt\u00fcr\u00fcn\u00fc yans\u0131tan\/tan\u0131tan \u00fcr\u00fcn\/hizmet olmas\u0131na,<\/li>\n<\/ul>\n\n\n\n<p>\u00d6nem verir ve bu bak\u0131\u015f a\u00e7\u0131m\u0131z\u0131 payda\u015f &nbsp;tedarik\u00e7ilerimize iletiriz. Tedarik\u00e7ilerimiz ile birlikte verimli sat\u0131n alma f\u0131rsatlar\u0131 yaratmaya \u00e7al\u0131\u015f\u0131r, tedarik s\u00fcre\u00e7lerinden do\u011fan \u00e7evre etkilerini azaltmay\u0131 hedefleriz.<\/p>","protected":false},"excerpt":{"rendered":"<p>S\u00fcrd\u00fcr\u00fclebilir tedarik anlay\u0131\u015f\u0131 do\u011frultusunda tedarik\u00e7ilerimizin\/\u00e7\u00f6z\u00fcm ortaklar\u0131m\u0131z\u0131n; \u00d6nem verir ve bu bak\u0131\u015f a\u00e7\u0131m\u0131z\u0131 payda\u015f &nbsp;tedarik\u00e7ilerimize iletiriz. Tedarik\u00e7ilerimiz ile birlikte verimli sat\u0131n alma f\u0131rsatlar\u0131 yaratmaya \u00e7al\u0131\u015f\u0131r, tedarik s\u00fcre\u00e7lerinden do\u011fan \u00e7evre etkilerini azaltmay\u0131 hedefleriz.<\/p>","protected":false},"author":1,"featured_media":0,"parent":3771,"menu_order":0,"comment_status":"closed","ping_status":"closed","template":"","meta":{"footnotes":""},"class_list":["post-3767","page","type-page","status-publish","hentry"],"_links":{"self":[{"href":"https:\/\/shamashotel.com\/en\/wp-json\/wp\/v2\/pages\/3767","targetHints":{"allow":["GET"]}}],"collection":[{"href":"https:\/\/shamashotel.com\/en\/wp-json\/wp\/v2\/pages"}],"about":[{"href":"https:\/\/shamashotel.com\/en\/wp-json\/wp\/v2\/types\/page"}],"author":[{"embeddable":true,"href":"https:\/\/shamashotel.com\/en\/wp-json\/wp\/v2\/users\/1"}],"replies":[{"embeddable":true,"href":"https:\/\/shamashotel.com\/en\/wp-json\/wp\/v2\/comments?post=3767"}],"version-history":[{"count":1,"href":"https:\/\/shamashotel.com\/en\/wp-json\/wp\/v2\/pages\/3767\/revisions"}],"predecessor-version":[{"id":3768,"href":"https:\/\/shamashotel.com\/en\/wp-json\/wp\/v2\/pages\/3767\/revisions\/3768"}],"up":[{"embeddable":true,"href":"https:\/\/shamashotel.com\/en\/wp-json\/wp\/v2\/pages\/3771"}],"wp:attachment":[{"href":"https:\/\/shamashotel.com\/en\/wp-json\/wp\/v2\/media?parent=3767"}],"curies":[{"name":"wp","href":"https:\/\/api.w.org\/{rel}","templated":true}]}}