{"id":3763,"date":"2025-11-26T22:52:40","date_gmt":"2025-11-26T19:52:40","guid":{"rendered":"https:\/\/shamashotel.com\/?page_id=3763"},"modified":"2025-11-26T23:05:29","modified_gmt":"2025-11-26T20:05:29","slug":"enerji-verimliligi-politikasi","status":"publish","type":"page","link":"https:\/\/shamashotel.com\/en\/politikalarimiz\/enerji-verimliligi-politikasi\/","title":{"rendered":"Energy Efficiency Policy"},"content":{"rendered":"<p>D\u00fcnyam\u0131z\u0131 olas\u0131 tehlikelerden korumak i\u00e7in enerjimizi verimli kullan\u0131yor ve enerji sarfiyat\u0131m\u0131z\u0131 azaltmak i\u00e7in hedefler belirliyoruz.<\/p>\n\n\n\n<p>Bunun i\u00e7in;<\/p>\n\n\n\n<ul class=\"wp-block-list\">\n<li>Hem do\u011faya kar\u015f\u0131 sorumluluklar\u0131m\u0131z hem de yasal y\u00fck\u00fcml\u00fcl\u00fcklerimizi yerine getirmek \u00fczere ulusal ve uluslararas\u0131 standartlar\u0131, yasa ve d\u00fczenlemeleri takip eder, enerji kullan\u0131m\u0131n\u0131 azaltma ve\/veya enerji t\u00fcketim performans\u0131m\u0131z\u0131n s\u00fcrekli iyile\u015ftirilmesini sa\u011flayacak \u00e7al\u0131\u015fmalar\u0131 g\u00f6n\u00fcll\u00fc olarak y\u00fcr\u00fct\u00fcr, \u00e7al\u0131\u015fmalar\u0131m\u0131z\u0131n sonu\u00e7lar\u0131n\u0131 takip ederiz.<\/li>\n\n\n\n<li>Hedefler koyar, \u00e7al\u0131\u015fanlar\u0131m\u0131z\u0131n da kat\u0131l\u0131m\u0131n\u0131 sa\u011flamak amac\u0131yla e\u011fitim programlar\u0131m\u0131zda enerji verimlili\u011fine yer veririz.<\/li>\n\n\n\n<li>T\u00fcm payda\u015flar\u0131m\u0131zla enerji y\u00f6netimi konusunda ortak ama\u00e7lar ve sonu\u00e7lar yaratmak \u00fczere i\u015f birli\u011fi yapmay\u0131 \u00f6nemseriz. Bu konularda misafirlerimiz, \u00e7al\u0131\u015fanlar\u0131m\u0131z, ziyaret\u00e7ilerimiz ve t\u00fcm i\u015f ortaklar\u0131m\u0131z ile birlikte topyek\u00fbn bir fark\u0131ndal\u0131k ve bilin\u00e7 seviyesine ula\u015f\u0131lmas\u0131 ad\u0131na etkile\u015fimimizi s\u00fcrd\u00fcrmeye \u00e7al\u0131\u015f\u0131r\u0131z.<\/li>\n\n\n\n<li>Enerji verimli uygun \u00fcr\u00fcn, ekipman, te\u00e7hizat ve teknoloji alternatiflerini ara\u015ft\u0131r\u0131p bulmaya, sat\u0131n almaya ve kullanmaya \u00e7al\u0131\u015f\u0131r\u0131z.<\/li>\n\n\n\n<li>Enerji Y\u00f6netim Sistemimizi dok\u00fcmante etmeyi, t\u00fcm departmanlar\u0131m\u0131za yaymay\u0131, gerekti\u011finde g\u00fcncellemeyi, g\u00f6zden ge\u00e7irmeyi ve s\u00fcrekli olarak iyile\u015ftirmeyi hedefleriz.<\/li>\n\n\n\n<li>Enerji risklerini veya enerji k\u0131s\u0131t\u0131 gibi do\u011fabilecek acil durumlar\u0131 de\u011ferlendirir, al\u0131nabilecek \u00f6nlemleri planlar\u0131z.<\/li>\n<\/ul>","protected":false},"excerpt":{"rendered":"<p>D\u00fcnyam\u0131z\u0131 olas\u0131 tehlikelerden korumak i\u00e7in enerjimizi verimli kullan\u0131yor ve enerji sarfiyat\u0131m\u0131z\u0131 azaltmak i\u00e7in hedefler belirliyoruz. Bunun i\u00e7in;<\/p>","protected":false},"author":1,"featured_media":0,"parent":3771,"menu_order":0,"comment_status":"closed","ping_status":"closed","template":"","meta":{"footnotes":""},"class_list":["post-3763","page","type-page","status-publish","hentry"],"_links":{"self":[{"href":"https:\/\/shamashotel.com\/en\/wp-json\/wp\/v2\/pages\/3763","targetHints":{"allow":["GET"]}}],"collection":[{"href":"https:\/\/shamashotel.com\/en\/wp-json\/wp\/v2\/pages"}],"about":[{"href":"https:\/\/shamashotel.com\/en\/wp-json\/wp\/v2\/types\/page"}],"author":[{"embeddable":true,"href":"https:\/\/shamashotel.com\/en\/wp-json\/wp\/v2\/users\/1"}],"replies":[{"embeddable":true,"href":"https:\/\/shamashotel.com\/en\/wp-json\/wp\/v2\/comments?post=3763"}],"version-history":[{"count":1,"href":"https:\/\/shamashotel.com\/en\/wp-json\/wp\/v2\/pages\/3763\/revisions"}],"predecessor-version":[{"id":3764,"href":"https:\/\/shamashotel.com\/en\/wp-json\/wp\/v2\/pages\/3763\/revisions\/3764"}],"up":[{"embeddable":true,"href":"https:\/\/shamashotel.com\/en\/wp-json\/wp\/v2\/pages\/3771"}],"wp:attachment":[{"href":"https:\/\/shamashotel.com\/en\/wp-json\/wp\/v2\/media?parent=3763"}],"curies":[{"name":"wp","href":"https:\/\/api.w.org\/{rel}","templated":true}]}}