{"id":3216,"date":"2025-11-05T00:24:33","date_gmt":"2025-11-04T21:24:33","guid":{"rendered":"https:\/\/shamashotel.com\/?page_id=3216"},"modified":"2025-12-19T15:04:23","modified_gmt":"2025-12-19T12:04:23","slug":"marduk","status":"publish","type":"page","link":"https:\/\/shamashotel.com\/en\/odalarimiz\/marduk\/","title":{"rendered":"Marduk"},"content":{"rendered":"<div data-elementor-type=\"wp-page\" data-elementor-id=\"3216\" class=\"elementor elementor-3216\">\n\t\t\t\t\t\t<section class=\"elementor-section elementor-top-section elementor-element elementor-element-b752b92 elementor-section-boxed elementor-section-height-default elementor-section-height-default\" data-id=\"b752b92\" data-element_type=\"section\">\n\t\t\t\t\t\t<div class=\"elementor-container elementor-column-gap-no\">\n\t\t\t\t\t<div class=\"elementor-column elementor-col-50 elementor-top-column elementor-element elementor-element-7f5dcf3\" data-id=\"7f5dcf3\" data-element_type=\"column\">\n\t\t\t<div class=\"elementor-widget-wrap elementor-element-populated\">\n\t\t\t\t\t\t<div class=\"elementor-element elementor-element-43ed771 elementor-widget elementor-widget-romancy_elementor_heading\" data-id=\"43ed771\" data-element_type=\"widget\" data-widget_type=\"romancy_elementor_heading.default\">\n\t\t\t\t<div class=\"elementor-widget-container\">\n\t\t\t\t\t\t\t<div class=\"ova-title\">\n\n\t\t\t\t\t\t\t<h3 class=\"sub-title\">STANDARD ROOM<\/h3>\n\t\t\t\n\t\t\t\t\t\t\t\n\t\t\t\t\t\t\t<h2 class=\"title\">\n\n\t\t\t\t\t\t\t\tMarduk\t\t\t\t\t\t\t\t \n\n\t\t\t\t\t\t\t<\/h2>\n\t\t\t\t\t\t\t\n\t\t\t\t\t\t\t<p class=\"description\"> Marduk, Babil\u2019in en y\u00fcce tanr\u0131s\u0131 ve evrenin koruyucusudur.\nKadim Mezopotamya mitolojisinde, kaosu simgeleyen ejderha Tiamat\u2019\u0131 yenerek evrende d\u00fczeni kuran tanr\u0131 olarak bilinir. Bu zafer, iyili\u011fin k\u00f6t\u00fcl\u00fc\u011fe, d\u00fczenin kaosa \u00fcst\u00fcn geli\u015fini temsil eder.\nMarduk; g\u00fc\u00e7, bilgelik ve adaletli liderlik nitelikleriyle Babil halk\u0131n\u0131n ilham kayna\u011f\u0131 olmu\u015ftur.\nOnun hik\u00e2yesi, g\u00fcc\u00fcn y\u0131k\u0131m i\u00e7in de\u011fil, d\u00fczeni ve ya\u015fam\u0131 korumak i\u00e7in kullan\u0131lmas\u0131 gerekti\u011fini anlat\u0131r.\nMarduk Odas\u0131, Do\u011fal ta\u015f veya ah\u015fap y\u00fczeyler,  yumu\u015fak \u0131\u015f\u0131kland\u0131rma ile sakin, d\u00fc\u015f\u00fcnsel bir atmosfer sunar.\n Misafirlere denge, g\u00fc\u00e7 ve i\u00e7sel huzur aras\u0131nda kurulan kadim Babil dengesini hissettirir.\n\n <\/p>\n\t\t\t\n\t\t<\/div> \n\t\t \t\n\t\t\t\t\t\t<\/div>\n\t\t\t\t<\/div>\n\t\t\t\t<div class=\"elementor-element elementor-element-8829cbc elementor-widget elementor-widget-html\" data-id=\"8829cbc\" data-element_type=\"widget\" data-widget_type=\"html.default\">\n\t\t\t\t\t<div style=\"display: flex; flex-wrap: wrap; gap: 20px; margin-top: 15px; font-size: 18px; color: #ffffff; align-items: center;\">\r\n    \r\n    <div style=\"display: flex; align-items: center; gap: 8px;\">\r\n        <svg xmlns=\"http:\/\/www.w3.org\/2000\/svg\" width=\"24\" height=\"24\" fill=\"currentColor\" viewbox=\"0 0 640 512\" style=\"fill: #ffffff;\"><path d=\"M176 256c44.11 0 80-35.89 80-80s-35.89-80-80-80-80 35.89-80 80 35.89 80 80 80zm352-128H304c-8.84 0-16 7.16-16 16v144H64V80c0-8.84-7.16-16-16-16H16C7.16 64 0 71.16 0 80v352c0 8.84 7.16 16 16 16h32c8.84 0 16-7.16 16-16v-48h512v48c0 8.84 7.16 16 16 16h32c8.84 0 16-7.16 16-16V240c0-61.86-50.14-112-112-112z\"\/><\/svg>\r\n        <span>1 Double Bed<\/span>\r\n    <\/div>\r\n\r\n    <div style=\"display: flex; align-items: center; gap: 8px;\">\r\n        <svg xmlns=\"http:\/\/www.w3.org\/2000\/svg\" width=\"24\" height=\"24\" fill=\"currentColor\" viewbox=\"0 0 448 512\" style=\"fill: #ffffff;\"><path d=\"M224 256c70.7 0 128-57.3 128-128S294.7 0 224 0 96 57.3 96 128s57.3 128 128 128zm89.6 32h-16.7c-22.2 10.2-46.9 16-72.9 16s-50.6-5.8-72.9-16h-16.7C60.2 288 0 348.2 0 422.4V464c0 26.5 21.5 48 48 48h352c26.5 0 48-21.5 48-48v-41.6c0-74.2-60.2-134.4-134.4-134.4z\"\/><\/svg>\r\n        <span>2 Yeti\u015fkin<\/span>\r\n    <\/div>\r\n\r\n    <div style=\"display: flex; align-items: center; gap: 8px;\">\r\n        <svg xmlns=\"http:\/\/www.w3.org\/2000\/svg\" width=\"24\" height=\"24\" fill=\"currentColor\" viewbox=\"0 0 512 512\" style=\"fill: #ffffff;\"><path d=\"M480 0H32C14.33 0 0 14.33 0 32v448c0 17.67 14.33 32 32 32h448c17.67 0 32-14.33 32-32V32c0-17.67-14.33-32-32-32zM32 32h144v144H32V32zm0 448V304h144v176H32zm448 0H304V304h176v176zm0-304H304V32h176v144z\"\/><\/svg>\r\n        <span>19 m\u00b2<\/span>\r\n    <\/div>\r\n\r\n<\/div>\t\t\t\t<\/div>\n\t\t<div class=\"elementor-element elementor-element-3486770 e-grid e-con-boxed e-con e-parent\" data-id=\"3486770\" data-element_type=\"container\">\n\t\t\t\t\t<div class=\"e-con-inner\">\n\t\t\t\t<div class=\"elementor-element elementor-element-c72a655 elementor-view-default elementor-position-top elementor-mobile-position-top elementor-widget elementor-widget-icon-box\" data-id=\"c72a655\" data-element_type=\"widget\" data-widget_type=\"icon-box.default\">\n\t\t\t\t\t\t\t<div class=\"elementor-icon-box-wrapper\">\n\n\t\t\t\t\t\t<div class=\"elementor-icon-box-icon\">\n\t\t\t\t<span  class=\"elementor-icon\">\n\t\t\t\t<i aria-hidden=\"true\" class=\"icomoon icomoon-air-conditioner\"><\/i>\t\t\t\t<\/span>\n\t\t\t<\/div>\n\t\t\t\n\t\t\t\t\t\t<div class=\"elementor-icon-box-content\">\n\n\t\t\t\t\t\t\t\t\t<h6 class=\"elementor-icon-box-title\">\n\t\t\t\t\t\t<span  >\n\t\t\t\t\t\t\tKlima\t\t\t\t\t\t<\/span>\n\t\t\t\t\t<\/h6>\n\t\t\t\t\n\t\t\t\t\n\t\t\t<\/div>\n\t\t\t\n\t\t<\/div>\n\t\t\t\t\t\t<\/div>\n\t\t\t\t<div class=\"elementor-element elementor-element-4d3a914 elementor-view-default elementor-position-top elementor-mobile-position-top elementor-widget elementor-widget-icon-box\" data-id=\"4d3a914\" data-element_type=\"widget\" data-widget_type=\"icon-box.default\">\n\t\t\t\t\t\t\t<div class=\"elementor-icon-box-wrapper\">\n\n\t\t\t\t\t\t<div class=\"elementor-icon-box-icon\">\n\t\t\t\t<span  class=\"elementor-icon\">\n\t\t\t\t<i aria-hidden=\"true\" class=\"icomoon icomoon-tv-monitor\"><\/i>\t\t\t\t<\/span>\n\t\t\t<\/div>\n\t\t\t\n\t\t\t\t\t\t<div class=\"elementor-icon-box-content\">\n\n\t\t\t\t\t\t\t\t\t<h6 class=\"elementor-icon-box-title\">\n\t\t\t\t\t\t<span  >\n\t\t\t\t\t\t\tTelevizyon\t\t\t\t\t\t<\/span>\n\t\t\t\t\t<\/h6>\n\t\t\t\t\n\t\t\t\t\n\t\t\t<\/div>\n\t\t\t\n\t\t<\/div>\n\t\t\t\t\t\t<\/div>\n\t\t\t\t<div class=\"elementor-element elementor-element-0744f12 elementor-view-default elementor-position-top elementor-mobile-position-top elementor-widget elementor-widget-icon-box\" data-id=\"0744f12\" data-element_type=\"widget\" data-widget_type=\"icon-box.default\">\n\t\t\t\t\t\t\t<div class=\"elementor-icon-box-wrapper\">\n\n\t\t\t\t\t\t<div class=\"elementor-icon-box-icon\">\n\t\t\t\t<span  class=\"elementor-icon\">\n\t\t\t\t<i aria-hidden=\"true\" class=\"icomoon icomoon-wifi-signal\"><\/i>\t\t\t\t<\/span>\n\t\t\t<\/div>\n\t\t\t\n\t\t\t\t\t\t<div class=\"elementor-icon-box-content\">\n\n\t\t\t\t\t\t\t\t\t<h6 class=\"elementor-icon-box-title\">\n\t\t\t\t\t\t<span  >\n\t\t\t\t\t\t\tWi-Fi\t\t\t\t\t\t<\/span>\n\t\t\t\t\t<\/h6>\n\t\t\t\t\n\t\t\t\t\n\t\t\t<\/div>\n\t\t\t\n\t\t<\/div>\n\t\t\t\t\t\t<\/div>\n\t\t\t\t<div class=\"elementor-element elementor-element-2111edd elementor-view-default elementor-position-top elementor-mobile-position-top elementor-widget elementor-widget-icon-box\" data-id=\"2111edd\" data-element_type=\"widget\" data-widget_type=\"icon-box.default\">\n\t\t\t\t\t\t\t<div class=\"elementor-icon-box-wrapper\">\n\n\t\t\t\t\t\t<div class=\"elementor-icon-box-icon\">\n\t\t\t\t<span  class=\"elementor-icon\">\n\t\t\t\t<i aria-hidden=\"true\" class=\"icomoon icomoon-parking\"><\/i>\t\t\t\t<\/span>\n\t\t\t<\/div>\n\t\t\t\n\t\t\t\t\t\t<div class=\"elementor-icon-box-content\">\n\n\t\t\t\t\t\t\t\t\t<h6 class=\"elementor-icon-box-title\">\n\t\t\t\t\t\t<span  >\n\t\t\t\t\t\t\tFree Parking\t\t\t\t\t\t<\/span>\n\t\t\t\t\t<\/h6>\n\t\t\t\t\n\t\t\t\t\n\t\t\t<\/div>\n\t\t\t\n\t\t<\/div>\n\t\t\t\t\t\t<\/div>\n\t\t\t\t<div class=\"elementor-element elementor-element-c466956 elementor-view-default elementor-position-top elementor-mobile-position-top elementor-widget elementor-widget-icon-box\" data-id=\"c466956\" data-element_type=\"widget\" data-widget_type=\"icon-box.default\">\n\t\t\t\t\t\t\t<div class=\"elementor-icon-box-wrapper\">\n\n\t\t\t\t\t\t<div class=\"elementor-icon-box-icon\">\n\t\t\t\t<span  class=\"elementor-icon\">\n\t\t\t\t<i aria-hidden=\"true\" class=\"icomoon icomoon-hairdryer\"><\/i>\t\t\t\t<\/span>\n\t\t\t<\/div>\n\t\t\t\n\t\t\t\t\t\t<div class=\"elementor-icon-box-content\">\n\n\t\t\t\t\t\t\t\t\t<h6 class=\"elementor-icon-box-title\">\n\t\t\t\t\t\t<span  >\n\t\t\t\t\t\t\tSa\u00e7 Kurutma\t\t\t\t\t\t<\/span>\n\t\t\t\t\t<\/h6>\n\t\t\t\t\n\t\t\t\t\n\t\t\t<\/div>\n\t\t\t\n\t\t<\/div>\n\t\t\t\t\t\t<\/div>\n\t\t\t\t<div class=\"elementor-element elementor-element-7512e18 elementor-view-default elementor-position-top elementor-mobile-position-top elementor-widget elementor-widget-icon-box\" data-id=\"7512e18\" data-element_type=\"widget\" data-widget_type=\"icon-box.default\">\n\t\t\t\t\t\t\t<div class=\"elementor-icon-box-wrapper\">\n\n\t\t\t\t\t\t<div class=\"elementor-icon-box-icon\">\n\t\t\t\t<span  class=\"elementor-icon\">\n\t\t\t\t<svg aria-hidden=\"true\" class=\"e-font-icon-svg e-far-minus-square\" viewbox=\"0 0 448 512\" xmlns=\"http:\/\/www.w3.org\/2000\/svg\"><path d=\"M108 284c-6.6 0-12-5.4-12-12v-32c0-6.6 5.4-12 12-12h232c6.6 0 12 5.4 12 12v32c0 6.6-5.4 12-12 12H108zM448 80v352c0 26.5-21.5 48-48 48H48c-26.5 0-48-21.5-48-48V80c0-26.5 21.5-48 48-48h352c26.5 0 48 21.5 48 48zm-48 346V86c0-3.3-2.7-6-6-6H54c-3.3 0-6 2.7-6 6v340c0 3.3 2.7 6 6 6h340c3.3 0 6-2.7 6-6z\"><\/path><\/svg>\t\t\t\t<\/span>\n\t\t\t<\/div>\n\t\t\t\n\t\t\t\t\t\t<div class=\"elementor-icon-box-content\">\n\n\t\t\t\t\t\t\t\t\t<h6 class=\"elementor-icon-box-title\">\n\t\t\t\t\t\t<span  >\n\t\t\t\t\t\t\tDolap\t\t\t\t\t\t<\/span>\n\t\t\t\t\t<\/h6>\n\t\t\t\t\n\t\t\t\t\n\t\t\t<\/div>\n\t\t\t\n\t\t<\/div>\n\t\t\t\t\t\t<\/div>\n\t\t\t\t\t<\/div>\n\t\t\t\t<\/div>\n\t\t\t\t<div class=\"elementor-element elementor-element-4bb9353 elementor-widget elementor-widget-button\" data-id=\"4bb9353\" data-element_type=\"widget\" data-widget_type=\"button.default\">\n\t\t\t\t\t\t\t\t\t\t<a class=\"elementor-button elementor-button-link elementor-size-sm\" href=\"https:\/\/shamas.rezervasyonal.com\/\" target=\"_blank\" rel=\"noopener\">\n\t\t\t\t\t\t<span class=\"elementor-button-content-wrapper\">\n\t\t\t\t\t\t\t\t\t<span class=\"elementor-button-text\">Rezervasyon Olu\u015fturun<\/span>\n\t\t\t\t\t<\/span>\n\t\t\t\t\t<\/a>\n\t\t\t\t\t\t\t\t<\/div>\n\t\t\t\t\t<\/div>\n\t\t<\/div>\n\t\t\t\t<div class=\"elementor-column elementor-col-50 elementor-top-column elementor-element elementor-element-d3e030e\" data-id=\"d3e030e\" data-element_type=\"column\">\n\t\t\t<div class=\"elementor-widget-wrap elementor-element-populated\">\n\t\t\t\t\t\t<div class=\"elementor-element elementor-element-56c99bf elementor-widget elementor-widget-image\" data-id=\"56c99bf\" data-element_type=\"widget\" data-widget_type=\"image.default\">\n\t\t\t\t\t\t\t\t\t\t\t\t\t\t\t<img fetchpriority=\"high\" decoding=\"async\" width=\"800\" height=\"800\" src=\"https:\/\/shamashotel.com\/wp-content\/uploads\/2025\/12\/marduk-4.webp\" class=\"attachment-large size-large wp-image-4454\" alt=\"\" srcset=\"https:\/\/shamashotel.com\/wp-content\/uploads\/2025\/12\/marduk-4.webp 800w, https:\/\/shamashotel.com\/wp-content\/uploads\/2025\/12\/marduk-4-300x300.webp 300w, https:\/\/shamashotel.com\/wp-content\/uploads\/2025\/12\/marduk-4-150x150.webp 150w, https:\/\/shamashotel.com\/wp-content\/uploads\/2025\/12\/marduk-4-768x768.webp 768w, https:\/\/shamashotel.com\/wp-content\/uploads\/2025\/12\/marduk-4-12x12.webp 12w\" sizes=\"(max-width: 800px) 100vw, 800px\" \/>\t\t\t\t\t\t\t\t\t\t\t\t\t\t\t<\/div>\n\t\t\t\t\t<\/div>\n\t\t<\/div>\n\t\t\t\t\t<\/div>\n\t\t<\/section>\n\t\t<div class=\"elementor-element elementor-element-662b78d e-flex e-con-boxed e-con e-parent\" data-id=\"662b78d\" data-element_type=\"container\">\n\t\t\t\t\t<div class=\"e-con-inner\">\n\t\t\t\t<div class=\"elementor-element elementor-element-3278d8e elementor-widget elementor-widget-romancy_elementor_heading\" data-id=\"3278d8e\" data-element_type=\"widget\" data-widget_type=\"romancy_elementor_heading.default\">\n\t\t\t\t<div class=\"elementor-widget-container\">\n\t\t\t\t\t\t\t<div class=\"ova-title\">\n\n\t\t\t\n\t\t\t\t\t\t\t\n\t\t\t\t\t\t\t<h2 class=\"title\">\n\n\t\t\t\t\t\t\t\tGallery\t\t\t\t\t\t\t\t \n\n\t\t\t\t\t\t\t<\/h2>\n\t\t\t\t\t\t\t\n\t\t\t\t\t\t\t<p class=\"description\"> Size unutulmaz bir konaklama deneyimi sunmak i\u00e7in her detay \u00f6zenle tasarland\u0131. <\/p>\n\t\t\t\n\t\t<\/div> \n\t\t \t\n\t\t\t\t\t\t<\/div>\n\t\t\t\t<\/div>\n\t\t\t\t<div class=\"elementor-element elementor-element-4fd6156 elementor-pagination-position-outside elementor-widget elementor-widget-image-carousel\" data-id=\"4fd6156\" data-element_type=\"widget\" data-settings=\"{&quot;slides_to_show&quot;:&quot;3&quot;,&quot;navigation&quot;:&quot;dots&quot;,&quot;autoplay_speed&quot;:3000,&quot;image_spacing_custom&quot;:{&quot;unit&quot;:&quot;px&quot;,&quot;size&quot;:15,&quot;sizes&quot;:[]},&quot;autoplay&quot;:&quot;yes&quot;,&quot;pause_on_hover&quot;:&quot;yes&quot;,&quot;pause_on_interaction&quot;:&quot;yes&quot;,&quot;infinite&quot;:&quot;yes&quot;,&quot;speed&quot;:500,&quot;image_spacing_custom_tablet&quot;:{&quot;unit&quot;:&quot;px&quot;,&quot;size&quot;:&quot;&quot;,&quot;sizes&quot;:[]},&quot;image_spacing_custom_mobile&quot;:{&quot;unit&quot;:&quot;px&quot;,&quot;size&quot;:&quot;&quot;,&quot;sizes&quot;:[]}}\" data-widget_type=\"image-carousel.default\">\n\t\t\t\t\t\t\t<div class=\"elementor-image-carousel-wrapper swiper\" role=\"region\" aria-roledescription=\"carousel\" aria-label=\"Resim D\u00f6ng\u00fcs\u00fc\" dir=\"ltr\">\n\t\t\t<div class=\"elementor-image-carousel swiper-wrapper\" aria-live=\"off\">\n\t\t\t\t\t\t\t\t<div class=\"swiper-slide\" role=\"group\" aria-roledescription=\"slide\" aria-label=\"1 of 5\" data-no-translation-aria-label=\"\"><figure class=\"swiper-slide-inner\"><img decoding=\"async\" class=\"swiper-slide-image\" src=\"https:\/\/shamashotel.com\/wp-content\/uploads\/elementor\/thumbs\/marduk-4-rgdw3q4fao9sojmsasrvej3an81dedtn47u20juai4.webp\" alt=\"marduk 4\" \/><\/figure><\/div><div class=\"swiper-slide\" role=\"group\" aria-roledescription=\"slide\" aria-label=\"2 of 5\" data-no-translation-aria-label=\"\"><figure class=\"swiper-slide-inner\"><img decoding=\"async\" class=\"swiper-slide-image\" src=\"https:\/\/shamashotel.com\/wp-content\/uploads\/elementor\/thumbs\/marduk-3-rgdw3p6l3u8icxo5gad8u1bu1u606opws36kj9vooc.webp\" alt=\"marduk 3\" \/><\/figure><\/div><div class=\"swiper-slide\" role=\"group\" aria-roledescription=\"slide\" aria-label=\"3 of 5\" data-no-translation-aria-label=\"\"><figure class=\"swiper-slide-inner\"><img decoding=\"async\" class=\"swiper-slide-image\" src=\"https:\/\/shamashotel.com\/wp-content\/uploads\/elementor\/thumbs\/marduk-5-rgdw3md2jc4ne3s8wr5d4k1g9ojwjleprp843fzv70.webp\" alt=\"marduk 5\" \/><\/figure><\/div><div class=\"swiper-slide\" role=\"group\" aria-roledescription=\"slide\" aria-label=\"4 of 5\" data-no-translation-aria-label=\"\"><figure class=\"swiper-slide-inner\"><img decoding=\"async\" class=\"swiper-slide-image\" src=\"https:\/\/shamashotel.com\/wp-content\/uploads\/elementor\/thumbs\/marduk-1-rgdw3nawq65xppqvr9jzp1swv2f9raig3tvlkpyh0s.webp\" alt=\"marduk 1\" \/><\/figure><\/div><div class=\"swiper-slide\" role=\"group\" aria-roledescription=\"slide\" aria-label=\"5 of 5\" data-no-translation-aria-label=\"\"><figure class=\"swiper-slide-inner\"><img decoding=\"async\" class=\"swiper-slide-image\" src=\"https:\/\/shamashotel.com\/wp-content\/uploads\/elementor\/thumbs\/marduk-2-rgdw3o8qx0781bpilrym9jkdggamyzm6fyj31zx2uk.webp\" alt=\"marduk 2\" \/><\/figure><\/div>\t\t\t<\/div>\n\t\t\t\t\t\t\t\n\t\t\t\t\t\t\t\t\t<div class=\"swiper-pagination\"><\/div>\n\t\t\t\t\t\t\t\t\t<\/div>\n\t\t\t\t\t\t<\/div>\n\t\t\t\t\t<\/div>\n\t\t\t\t<\/div>\n\t\t<div class=\"elementor-element elementor-element-1906dcc e-flex e-con-boxed e-con e-parent\" data-id=\"1906dcc\" data-element_type=\"container\">\n\t\t\t\t\t<div class=\"e-con-inner\">\n\t\t\t\t<div class=\"elementor-element elementor-element-d036b7d elementor-widget elementor-widget-romancy_elementor_heading\" data-id=\"d036b7d\" data-element_type=\"widget\" data-settings=\"{&quot;_animation&quot;:&quot;none&quot;,&quot;_animation_tablet&quot;:&quot;none&quot;}\" data-widget_type=\"romancy_elementor_heading.default\">\n\t\t\t\t<div class=\"elementor-widget-container\">\n\t\t\t\t\t\t\t<div class=\"ova-title\">\n\n\t\t\t\t\t\t\t<h3 class=\"sub-title\">OTHER SERVICES WE OFFER<\/h3>\n\t\t\t\n\t\t\t\t\t\t\t\n\t\t\t\t\t\t\t<h2 class=\"title\">\n\n\t\t\t\t\t\t\t\tAmenities We Offer for Our Guests\t\t\t\t\t\t\t\t \n\n\t\t\t\t\t\t\t<\/h2>\n\t\t\t\t\t\t\t\n\t\t\t\n\t\t<\/div> \n\t\t \t\n\t\t\t\t\t\t<\/div>\n\t\t\t\t<\/div>\n\t\t<div class=\"elementor-element elementor-element-657ed64 e-grid e-con-full e-con e-child\" data-id=\"657ed64\" data-element_type=\"container\">\n\t\t\t\t<div class=\"elementor-element elementor-element-07bc157 elementor-position-right elementor-view-default elementor-mobile-position-top elementor-widget elementor-widget-icon-box\" data-id=\"07bc157\" data-element_type=\"widget\" data-widget_type=\"icon-box.default\">\n\t\t\t\t\t\t\t<div class=\"elementor-icon-box-wrapper\">\n\n\t\t\t\t\t\t<div class=\"elementor-icon-box-icon\">\n\t\t\t\t<span  class=\"elementor-icon\">\n\t\t\t\t<i aria-hidden=\"true\" class=\"icomoon icomoon-location\"><\/i>\t\t\t\t<\/span>\n\t\t\t<\/div>\n\t\t\t\n\t\t\t\t\t\t<div class=\"elementor-icon-box-content\">\n\n\t\t\t\t\t\t\t\t\t<h3 class=\"elementor-icon-box-title\">\n\t\t\t\t\t\t<span  >\n\t\t\t\t\t\t\tHotel Transfer\t\t\t\t\t\t<\/span>\n\t\t\t\t\t<\/h3>\n\t\t\t\t\n\t\t\t\t\t\t\t\t\t<p class=\"elementor-icon-box-description\">\n\t\t\t\t\t\tReach your hotel effortlessly from the airport with our comfortable and safe transfer service. We offer a smooth travel experience where every detail is thoughtfully arranged for you.\t\t\t\t\t<\/p>\n\t\t\t\t\n\t\t\t<\/div>\n\t\t\t\n\t\t<\/div>\n\t\t\t\t\t\t<\/div>\n\t\t\t\t<div class=\"elementor-element elementor-element-6c24b50 elementor-position-right elementor-view-default elementor-mobile-position-top elementor-widget elementor-widget-icon-box\" data-id=\"6c24b50\" data-element_type=\"widget\" data-widget_type=\"icon-box.default\">\n\t\t\t\t\t\t\t<div class=\"elementor-icon-box-wrapper\">\n\n\t\t\t\t\t\t<div class=\"elementor-icon-box-icon\">\n\t\t\t\t<span  class=\"elementor-icon\">\n\t\t\t\t<i aria-hidden=\"true\" class=\"icomoon icomoon-car\"><\/i>\t\t\t\t<\/span>\n\t\t\t<\/div>\n\t\t\t\n\t\t\t\t\t\t<div class=\"elementor-icon-box-content\">\n\n\t\t\t\t\t\t\t\t\t<h3 class=\"elementor-icon-box-title\">\n\t\t\t\t\t\t<span  >\n\t\t\t\t\t\t\tFree Parking\t\t\t\t\t\t<\/span>\n\t\t\t\t\t<\/h3>\n\t\t\t\t\n\t\t\t\t\t\t\t\t\t<p class=\"elementor-icon-box-description\">\n\t\t\t\t\t\tWe provide free parking for guests staying at our hotel. A safe and convenient parking area is always available for your vehicle.\t\t\t\t\t<\/p>\n\t\t\t\t\n\t\t\t<\/div>\n\t\t\t\n\t\t<\/div>\n\t\t\t\t\t\t<\/div>\n\t\t\t\t<div class=\"elementor-element elementor-element-057f015 elementor-position-right elementor-view-default elementor-mobile-position-top elementor-widget elementor-widget-icon-box\" data-id=\"057f015\" data-element_type=\"widget\" data-widget_type=\"icon-box.default\">\n\t\t\t\t\t\t\t<div class=\"elementor-icon-box-wrapper\">\n\n\t\t\t\t\t\t<div class=\"elementor-icon-box-icon\">\n\t\t\t\t<span  class=\"elementor-icon\">\n\t\t\t\t<i aria-hidden=\"true\" class=\"icomoon icomoon-hotel\"><\/i>\t\t\t\t<\/span>\n\t\t\t<\/div>\n\t\t\t\n\t\t\t\t\t\t<div class=\"elementor-icon-box-content\">\n\n\t\t\t\t\t\t\t\t\t<h3 class=\"elementor-icon-box-title\">\n\t\t\t\t\t\t<span  >\n\t\t\t\t\t\t\tRoom Service\t\t\t\t\t\t<\/span>\n\t\t\t\t\t<\/h3>\n\t\t\t\t\n\t\t\t\t\t\t\t\t\t<p class=\"elementor-icon-box-description\">\n\t\t\t\t\t\tFor your comfort, we offer 24\/7 room service. You can enjoy delicious meals and beverages in the comfort of your room at any time you wish.\t\t\t\t\t<\/p>\n\t\t\t\t\n\t\t\t<\/div>\n\t\t\t\n\t\t<\/div>\n\t\t\t\t\t\t<\/div>\n\t\t\t\t<div class=\"elementor-element elementor-element-a1e29a7 elementor-position-right elementor-view-default elementor-mobile-position-top elementor-widget elementor-widget-icon-box\" data-id=\"a1e29a7\" data-element_type=\"widget\" data-widget_type=\"icon-box.default\">\n\t\t\t\t\t\t\t<div class=\"elementor-icon-box-wrapper\">\n\n\t\t\t\t\t\t<div class=\"elementor-icon-box-icon\">\n\t\t\t\t<span  class=\"elementor-icon\">\n\t\t\t\t<i aria-hidden=\"true\" class=\"icomoon icomoon-wifi\"><\/i>\t\t\t\t<\/span>\n\t\t\t<\/div>\n\t\t\t\n\t\t\t\t\t\t<div class=\"elementor-icon-box-content\">\n\n\t\t\t\t\t\t\t\t\t<h3 class=\"elementor-icon-box-title\">\n\t\t\t\t\t\t<span  >\n\t\t\t\t\t\t\tFree Wi-Fi\t\t\t\t\t\t<\/span>\n\t\t\t\t\t<\/h3>\n\t\t\t\t\n\t\t\t\t\t\t\t\t\t<p class=\"elementor-icon-box-description\">\n\t\t\t\t\t\tWe offer free high-speed WiFi access throughout the entire hotel, ensuring uninterrupted internet enjoyment.\t\t\t\t\t<\/p>\n\t\t\t\t\n\t\t\t<\/div>\n\t\t\t\n\t\t<\/div>\n\t\t\t\t\t\t<\/div>\n\t\t\t\t<div class=\"elementor-element elementor-element-a35535c elementor-position-right elementor-view-default elementor-mobile-position-top elementor-widget elementor-widget-icon-box\" data-id=\"a35535c\" data-element_type=\"widget\" data-widget_type=\"icon-box.default\">\n\t\t\t\t\t\t\t<div class=\"elementor-icon-box-wrapper\">\n\n\t\t\t\t\t\t<div class=\"elementor-icon-box-icon\">\n\t\t\t\t<span  class=\"elementor-icon\">\n\t\t\t\t<svg aria-hidden=\"true\" class=\"e-font-icon-svg e-fas-glass-martini-alt\" viewbox=\"0 0 512 512\" xmlns=\"http:\/\/www.w3.org\/2000\/svg\"><path d=\"M502.05 57.6C523.3 36.34 508.25 0 478.2 0H33.8C3.75 0-11.3 36.34 9.95 57.6L224 271.64V464h-56c-22.09 0-40 17.91-40 40 0 4.42 3.58 8 8 8h240c4.42 0 8-3.58 8-8 0-22.09-17.91-40-40-40h-56V271.64L502.05 57.6zM443.77 48l-48 48H116.24l-48-48h375.53z\"><\/path><\/svg>\t\t\t\t<\/span>\n\t\t\t<\/div>\n\t\t\t\n\t\t\t\t\t\t<div class=\"elementor-icon-box-content\">\n\n\t\t\t\t\t\t\t\t\t<h3 class=\"elementor-icon-box-title\">\n\t\t\t\t\t\t<span  >\n\t\t\t\t\t\t\tRestaurant\t\t\t\t\t\t<\/span>\n\t\t\t\t\t<\/h3>\n\t\t\t\t\n\t\t\t\t\t\t\t\t\t<p class=\"elementor-icon-box-description\">\n\t\t\t\t\t\tIn our restaurant, we offer the traditional flavors of Mardin and Midyat with a modern touch. Discover the region\u2019s rich cuisine in the comfort of our hotel.\t\t\t\t\t<\/p>\n\t\t\t\t\n\t\t\t<\/div>\n\t\t\t\n\t\t<\/div>\n\t\t\t\t\t\t<\/div>\n\t\t\t\t<div class=\"elementor-element elementor-element-b951a3a elementor-position-right elementor-view-default elementor-mobile-position-top elementor-widget elementor-widget-icon-box\" data-id=\"b951a3a\" data-element_type=\"widget\" data-widget_type=\"icon-box.default\">\n\t\t\t\t\t\t\t<div class=\"elementor-icon-box-wrapper\">\n\n\t\t\t\t\t\t<div class=\"elementor-icon-box-icon\">\n\t\t\t\t<span  class=\"elementor-icon\">\n\t\t\t\t<i aria-hidden=\"true\" class=\"ovaicon ovaicon-telephone-1\"><\/i>\t\t\t\t<\/span>\n\t\t\t<\/div>\n\t\t\t\n\t\t\t\t\t\t<div class=\"elementor-icon-box-content\">\n\n\t\t\t\t\t\t\t\t\t<h3 class=\"elementor-icon-box-title\">\n\t\t\t\t\t\t<span  >\n\t\t\t\t\t\t\t24\/7 Reception\t\t\t\t\t\t<\/span>\n\t\t\t\t\t<\/h3>\n\t\t\t\t\n\t\t\t\t\t\t\t\t\t<p class=\"elementor-icon-box-description\">\n\t\t\t\t\t\tOur reception team is at your service 24\/7. We are here for you at any hour of the day for anything you may need.\t\t\t\t\t<\/p>\n\t\t\t\t\n\t\t\t<\/div>\n\t\t\t\n\t\t<\/div>\n\t\t\t\t\t\t<\/div>\n\t\t\t\t<\/div>\n\t\t\t\t\t<\/div>\n\t\t\t\t<\/div>\n\t\t\t\t<\/div>","protected":false},"excerpt":{"rendered":"<p>STANDART ODA Marduk Marduk, Babil\u2019in en y\u00fcce tanr\u0131s\u0131 ve evrenin koruyucusudur. Kadim Mezopotamya mitolojisinde, kaosu simgeleyen ejderha Tiamat\u2019\u0131 yenerek evrende d\u00fczeni kuran tanr\u0131 olarak bilinir. Bu zafer, iyili\u011fin k\u00f6t\u00fcl\u00fc\u011fe, d\u00fczenin kaosa \u00fcst\u00fcn geli\u015fini temsil eder. Marduk; g\u00fc\u00e7, bilgelik ve adaletli liderlik nitelikleriyle Babil halk\u0131n\u0131n ilham kayna\u011f\u0131 olmu\u015ftur. Onun hik\u00e2yesi, g\u00fcc\u00fcn y\u0131k\u0131m i\u00e7in de\u011fil, d\u00fczeni ve [&hellip;]<\/p>","protected":false},"author":1,"featured_media":0,"parent":3187,"menu_order":0,"comment_status":"closed","ping_status":"closed","template":"elementor_header_footer","meta":{"footnotes":""},"class_list":["post-3216","page","type-page","status-publish","hentry"],"_links":{"self":[{"href":"https:\/\/shamashotel.com\/en\/wp-json\/wp\/v2\/pages\/3216","targetHints":{"allow":["GET"]}}],"collection":[{"href":"https:\/\/shamashotel.com\/en\/wp-json\/wp\/v2\/pages"}],"about":[{"href":"https:\/\/shamashotel.com\/en\/wp-json\/wp\/v2\/types\/page"}],"author":[{"embeddable":true,"href":"https:\/\/shamashotel.com\/en\/wp-json\/wp\/v2\/users\/1"}],"replies":[{"embeddable":true,"href":"https:\/\/shamashotel.com\/en\/wp-json\/wp\/v2\/comments?post=3216"}],"version-history":[{"count":25,"href":"https:\/\/shamashotel.com\/en\/wp-json\/wp\/v2\/pages\/3216\/revisions"}],"predecessor-version":[{"id":4457,"href":"https:\/\/shamashotel.com\/en\/wp-json\/wp\/v2\/pages\/3216\/revisions\/4457"}],"up":[{"embeddable":true,"href":"https:\/\/shamashotel.com\/en\/wp-json\/wp\/v2\/pages\/3187"}],"wp:attachment":[{"href":"https:\/\/shamashotel.com\/en\/wp-json\/wp\/v2\/media?parent=3216"}],"curies":[{"name":"wp","href":"https:\/\/api.w.org\/{rel}","templated":true}]}}