{"id":3116,"date":"2022-08-10T06:51:01","date_gmt":"2022-08-10T06:51:01","guid":{"rendered":"https:\/\/shamashotel.com\/?page_id=3"},"modified":"2025-11-27T00:10:11","modified_gmt":"2025-11-26T21:10:11","slug":"cevre-koruma-ve-atik-yonetimi-politikasi","status":"publish","type":"page","link":"https:\/\/shamashotel.com\/en\/politikalarimiz\/cevre-koruma-ve-atik-yonetimi-politikasi\/","title":{"rendered":"\u00c7evre Koruma ve At\u0131k Y\u00f6netimi Politikas\u0131"},"content":{"rendered":"<p>\u0130\u015fletmemizde \u00e7evreyi koruyor, kirlili\u011fini \u00f6nl\u00fcyor ve \u00e7evreye olan olumsuz etkilerimizi azaltarak korunmas\u0131na \u00f6nem veriyoruz.<\/p>\n\n\n\n<p>Bunun i\u00e7in;<\/p>\n\n\n\n<p>\u2022 Yasal d\u00fczenlemelere uyar ve \u00e7evresel etkimizi azaltmaya \u00e7al\u0131\u015f\u0131r\u0131z.<\/p>\n\n\n\n<p>&nbsp;&nbsp; \u2022 At\u0131klar\u0131m\u0131z\u0131 kayna\u011f\u0131na, gruplar\u0131na ve tehlike s\u0131n\u0131flar\u0131na g\u00f6re etkin bir \u015fekilde ay\u0131rmaya \u00f6zen g\u00f6steririz.<\/p>\n\n\n\n<p>\u2022 Tehlikeli madde ve kimyasallar\u0131n sadece gerekti\u011finde ve gerekti\u011fi kadar kullan\u0131lmas\u0131n\u0131n hem \u00e7evreye olan olumsuz etkileri hem de at\u0131k miktar\u0131n\u0131 azaltaca\u011f\u0131n\u0131 biliyoruz,<\/p>\n\n\n\n<p>\u2022 \u0130\u015fletmemizde sat\u0131n ald\u0131\u011f\u0131m\u0131z malzemelerde &#8220;geri d\u00f6n\u00fc\u015f\u00fcm&#8221; ve &#8220;\u00e7evre dostu&#8221; etiketi ta\u015f\u0131yan malzemeleri tercih ederek do\u011fan\u0131n korunmas\u0131na katk\u0131da bulunuruz. Yeniden kullan\u0131m f\u0131rsatlar\u0131 yaratmaya \u00e7al\u0131\u015f\u0131r\u0131z,<\/p>\n\n\n\n<p>\u2022 Ka\u011f\u0131t, pe\u00e7ete, tuvalet ka\u011f\u0131d\u0131, ambalaj gibi tek kullan\u0131ml\u0131k malzemeleri gerekti\u011fi kadar kullan\u0131yor ve do\u011faya daha az at\u0131k b\u0131rakmaya \u00f6zen g\u00f6steriyoruz,<\/p>\n\n\n\n<p>\u2022 At\u0131klar\u0131 \u00f6zelliklerine g\u00f6re ayr\u0131 alanlarda do\u011fru \u015fekilde depolar, yasal depolama s\u00fcrelerini a\u015fmadan lisansl\u0131\/yetkili firmalara teslim eder ve kay\u0131tlar\u0131n\u0131 tutar\u0131z,<\/p>\n\n\n\n<p>\u2022 Suyu, enerjiyi ve t\u00fcm do\u011fal kaynaklar\u0131 tasarruflu kullanmaya \u00e7al\u0131\u015f\u0131r\u0131z. Bu duyarl\u0131l\u0131\u011f\u0131m\u0131z\u0131 \u00e7al\u0131\u015fanlar\u0131m\u0131z, misafirlerimiz ve tedarik\u00e7ilerimiz ile payla\u015f\u0131yoruz.<\/p>\n\n\n\n<p>\u2022 \u00c7evre y\u00f6netimindeki performans\u0131m\u0131z\u0131 \u00f6l\u00e7\u00fcyor, bu verileri hedeflerle izliyor ve performans\u0131m\u0131z\u0131 iyile\u015ftirmeye \u00e7al\u0131\u015f\u0131yoruz.<\/p>\n\n\n\n<p>\u2022 \u00c7al\u0131\u015fanlar\u0131m\u0131z\u0131 \u00e7evre konusunda e\u011fitmeyi ve fark\u0131ndal\u0131klar\u0131n\u0131 art\u0131rmay\u0131 hedefliyoruz.<\/p>","protected":false},"excerpt":{"rendered":"<p>\u0130\u015fletmemizde \u00e7evreyi koruyor, kirlili\u011fini \u00f6nl\u00fcyor ve \u00e7evreye olan olumsuz etkilerimizi azaltarak korunmas\u0131na \u00f6nem veriyoruz. Bunun i\u00e7in; \u2022 Yasal d\u00fczenlemelere uyar ve \u00e7evresel etkimizi azaltmaya \u00e7al\u0131\u015f\u0131r\u0131z. &nbsp;&nbsp; \u2022 At\u0131klar\u0131m\u0131z\u0131 kayna\u011f\u0131na, gruplar\u0131na ve tehlike s\u0131n\u0131flar\u0131na g\u00f6re etkin bir \u015fekilde ay\u0131rmaya \u00f6zen g\u00f6steririz. \u2022 Tehlikeli madde ve kimyasallar\u0131n sadece gerekti\u011finde ve gerekti\u011fi kadar kullan\u0131lmas\u0131n\u0131n hem \u00e7evreye olan olumsuz [&hellip;]<\/p>","protected":false},"author":1,"featured_media":0,"parent":3771,"menu_order":0,"comment_status":"closed","ping_status":"closed","template":"","meta":{"footnotes":""},"class_list":["post-3116","page","type-page","status-publish","hentry"],"_links":{"self":[{"href":"https:\/\/shamashotel.com\/en\/wp-json\/wp\/v2\/pages\/3116","targetHints":{"allow":["GET"]}}],"collection":[{"href":"https:\/\/shamashotel.com\/en\/wp-json\/wp\/v2\/pages"}],"about":[{"href":"https:\/\/shamashotel.com\/en\/wp-json\/wp\/v2\/types\/page"}],"author":[{"embeddable":true,"href":"https:\/\/shamashotel.com\/en\/wp-json\/wp\/v2\/users\/1"}],"replies":[{"embeddable":true,"href":"https:\/\/shamashotel.com\/en\/wp-json\/wp\/v2\/comments?post=3116"}],"version-history":[{"count":1,"href":"https:\/\/shamashotel.com\/en\/wp-json\/wp\/v2\/pages\/3116\/revisions"}],"predecessor-version":[{"id":3760,"href":"https:\/\/shamashotel.com\/en\/wp-json\/wp\/v2\/pages\/3116\/revisions\/3760"}],"up":[{"embeddable":true,"href":"https:\/\/shamashotel.com\/en\/wp-json\/wp\/v2\/pages\/3771"}],"wp:attachment":[{"href":"https:\/\/shamashotel.com\/en\/wp-json\/wp\/v2\/media?parent=3116"}],"curies":[{"name":"wp","href":"https:\/\/api.w.org\/{rel}","templated":true}]}}